{"id":240,"date":"2025-09-15T07:11:32","date_gmt":"2025-09-15T07:11:32","guid":{"rendered":"https:\/\/dddemo.net\/wordpress\/2025\/zantino\/?page_id=240"},"modified":"2025-11-17T10:17:11","modified_gmt":"2025-11-17T10:17:11","slug":"ueber_uns","status":"publish","type":"page","link":"https:\/\/the-bulls-eye.com\/?page_id=240","title":{"rendered":"\u00dcber uns"},"content":{"rendered":"","protected":false},"excerpt":{"rendered":"","protected":false},"author":1,"featured_media":515,"parent":0,"menu_order":0,"comment_status":"closed","ping_status":"closed","template":"","meta":{"_acf_changed":false,"footnotes":""},"class_list":["post-240","page","type-page","status-publish","has-post-thumbnail","hentry"],"acf":[],"yoast_head":"<!-- This site is optimized with the Yoast SEO plugin v26.6 - https:\/\/yoast.com\/wordpress\/plugins\/seo\/ -->\n<title>\u00dcber uns | The Bull\u2019s Eye<\/title>\n<meta name=\"description\" content=\"The Bull\u2019s Eye steht f\u00fcr klare Analysen und fundierte Einsch\u00e4tzungen an den Finanzm\u00e4rkten. Erfahren Sie, wer wir sind und was unsere Arbeit auszeichnet.\" \/>\n<meta name=\"robots\" content=\"index, follow, max-snippet:-1, max-image-preview:large, max-video-preview:-1\" \/>\n<link rel=\"canonical\" href=\"https:\/\/the-bulls-eye.com\/?page_id=240\" \/>\n<meta property=\"og:locale\" content=\"de_DE\" \/>\n<meta property=\"og:type\" content=\"article\" \/>\n<meta property=\"og:title\" content=\"\u00dcber uns | The Bull\u2019s Eye\" \/>\n<meta property=\"og:description\" content=\"The Bull\u2019s Eye steht f\u00fcr klare Analysen und fundierte Einsch\u00e4tzungen an den Finanzm\u00e4rkten. Erfahren Sie, wer wir sind und was unsere Arbeit auszeichnet.\" \/>\n<meta property=\"og:url\" content=\"https:\/\/the-bulls-eye.com\/?page_id=240\" \/>\n<meta property=\"og:site_name\" content=\"The Bull&#039;s Eye\" \/>\n<meta property=\"article:modified_time\" content=\"2025-11-17T10:17:11+00:00\" \/>\n<meta property=\"og:image\" content=\"https:\/\/the-bulls-eye.com\/wp-content\/uploads\/2025\/09\/Group-1078.webp\" \/>\n\t<meta property=\"og:image:width\" content=\"558\" \/>\n\t<meta property=\"og:image:height\" content=\"393\" \/>\n\t<meta property=\"og:image:type\" content=\"image\/webp\" \/>\n<meta name=\"twitter:card\" content=\"summary_large_image\" \/>\n<script type=\"application\/ld+json\" class=\"yoast-schema-graph\">{\"@context\":\"https:\/\/schema.org\",\"@graph\":[{\"@type\":\"WebPage\",\"@id\":\"https:\/\/the-bulls-eye.com\/?page_id=240\",\"url\":\"https:\/\/the-bulls-eye.com\/?page_id=240\",\"name\":\"\u00dcber uns | The Bull\u2019s Eye\",\"isPartOf\":{\"@id\":\"https:\/\/the-bulls-eye.com\/#website\"},\"primaryImageOfPage\":{\"@id\":\"https:\/\/the-bulls-eye.com\/?page_id=240#primaryimage\"},\"image\":{\"@id\":\"https:\/\/the-bulls-eye.com\/?page_id=240#primaryimage\"},\"thumbnailUrl\":\"https:\/\/the-bulls-eye.com\/wp-content\/uploads\/2025\/09\/Group-1078.webp\",\"datePublished\":\"2025-09-15T07:11:32+00:00\",\"dateModified\":\"2025-11-17T10:17:11+00:00\",\"description\":\"The Bull\u2019s Eye steht f\u00fcr klare Analysen und fundierte Einsch\u00e4tzungen an den Finanzm\u00e4rkten. Erfahren Sie, wer wir sind und was unsere Arbeit auszeichnet.\",\"breadcrumb\":{\"@id\":\"https:\/\/the-bulls-eye.com\/?page_id=240#breadcrumb\"},\"inLanguage\":\"de\",\"potentialAction\":[{\"@type\":\"ReadAction\",\"target\":[\"https:\/\/the-bulls-eye.com\/?page_id=240\"]}]},{\"@type\":\"ImageObject\",\"inLanguage\":\"de\",\"@id\":\"https:\/\/the-bulls-eye.com\/?page_id=240#primaryimage\",\"url\":\"https:\/\/the-bulls-eye.com\/wp-content\/uploads\/2025\/09\/Group-1078.webp\",\"contentUrl\":\"https:\/\/the-bulls-eye.com\/wp-content\/uploads\/2025\/09\/Group-1078.webp\",\"width\":558,\"height\":393},{\"@type\":\"BreadcrumbList\",\"@id\":\"https:\/\/the-bulls-eye.com\/?page_id=240#breadcrumb\",\"itemListElement\":[{\"@type\":\"ListItem\",\"position\":1,\"name\":\"Home\",\"item\":\"https:\/\/the-bulls-eye.com\/\"},{\"@type\":\"ListItem\",\"position\":2,\"name\":\"\u00dcber uns\"}]},{\"@type\":\"WebSite\",\"@id\":\"https:\/\/the-bulls-eye.com\/#website\",\"url\":\"https:\/\/the-bulls-eye.com\/\",\"name\":\"The Bull's Eye\",\"description\":\"\",\"publisher\":{\"@id\":\"https:\/\/the-bulls-eye.com\/#organization\"},\"potentialAction\":[{\"@type\":\"SearchAction\",\"target\":{\"@type\":\"EntryPoint\",\"urlTemplate\":\"https:\/\/the-bulls-eye.com\/?s={search_term_string}\"},\"query-input\":{\"@type\":\"PropertyValueSpecification\",\"valueRequired\":true,\"valueName\":\"search_term_string\"}}],\"inLanguage\":\"de\"},{\"@type\":\"Organization\",\"@id\":\"https:\/\/the-bulls-eye.com\/#organization\",\"name\":\"The Bull's Eye\",\"url\":\"https:\/\/the-bulls-eye.com\/\",\"logo\":{\"@type\":\"ImageObject\",\"inLanguage\":\"de\",\"@id\":\"https:\/\/the-bulls-eye.com\/#\/schema\/logo\/image\/\",\"url\":\"\",\"contentUrl\":\"\",\"caption\":\"The Bull's Eye\"},\"image\":{\"@id\":\"https:\/\/the-bulls-eye.com\/#\/schema\/logo\/image\/\"}}]}<\/script>\n<!-- \/ Yoast SEO plugin. -->","yoast_head_json":{"title":"\u00dcber uns | The Bull\u2019s Eye","description":"The Bull\u2019s Eye steht f\u00fcr klare Analysen und fundierte Einsch\u00e4tzungen an den Finanzm\u00e4rkten. Erfahren Sie, wer wir sind und was unsere Arbeit auszeichnet.","robots":{"index":"index","follow":"follow","max-snippet":"max-snippet:-1","max-image-preview":"max-image-preview:large","max-video-preview":"max-video-preview:-1"},"canonical":"https:\/\/the-bulls-eye.com\/?page_id=240","og_locale":"de_DE","og_type":"article","og_title":"\u00dcber uns | The Bull\u2019s Eye","og_description":"The Bull\u2019s Eye steht f\u00fcr klare Analysen und fundierte Einsch\u00e4tzungen an den Finanzm\u00e4rkten. Erfahren Sie, wer wir sind und was unsere Arbeit auszeichnet.","og_url":"https:\/\/the-bulls-eye.com\/?page_id=240","og_site_name":"The Bull&#039;s Eye","article_modified_time":"2025-11-17T10:17:11+00:00","og_image":[{"width":558,"height":393,"url":"https:\/\/the-bulls-eye.com\/wp-content\/uploads\/2025\/09\/Group-1078.webp","type":"image\/webp"}],"twitter_card":"summary_large_image","schema":{"@context":"https:\/\/schema.org","@graph":[{"@type":"WebPage","@id":"https:\/\/the-bulls-eye.com\/?page_id=240","url":"https:\/\/the-bulls-eye.com\/?page_id=240","name":"\u00dcber uns | The Bull\u2019s Eye","isPartOf":{"@id":"https:\/\/the-bulls-eye.com\/#website"},"primaryImageOfPage":{"@id":"https:\/\/the-bulls-eye.com\/?page_id=240#primaryimage"},"image":{"@id":"https:\/\/the-bulls-eye.com\/?page_id=240#primaryimage"},"thumbnailUrl":"https:\/\/the-bulls-eye.com\/wp-content\/uploads\/2025\/09\/Group-1078.webp","datePublished":"2025-09-15T07:11:32+00:00","dateModified":"2025-11-17T10:17:11+00:00","description":"The Bull\u2019s Eye steht f\u00fcr klare Analysen und fundierte Einsch\u00e4tzungen an den Finanzm\u00e4rkten. Erfahren Sie, wer wir sind und was unsere Arbeit auszeichnet.","breadcrumb":{"@id":"https:\/\/the-bulls-eye.com\/?page_id=240#breadcrumb"},"inLanguage":"de","potentialAction":[{"@type":"ReadAction","target":["https:\/\/the-bulls-eye.com\/?page_id=240"]}]},{"@type":"ImageObject","inLanguage":"de","@id":"https:\/\/the-bulls-eye.com\/?page_id=240#primaryimage","url":"https:\/\/the-bulls-eye.com\/wp-content\/uploads\/2025\/09\/Group-1078.webp","contentUrl":"https:\/\/the-bulls-eye.com\/wp-content\/uploads\/2025\/09\/Group-1078.webp","width":558,"height":393},{"@type":"BreadcrumbList","@id":"https:\/\/the-bulls-eye.com\/?page_id=240#breadcrumb","itemListElement":[{"@type":"ListItem","position":1,"name":"Home","item":"https:\/\/the-bulls-eye.com\/"},{"@type":"ListItem","position":2,"name":"\u00dcber uns"}]},{"@type":"WebSite","@id":"https:\/\/the-bulls-eye.com\/#website","url":"https:\/\/the-bulls-eye.com\/","name":"The Bull's Eye","description":"","publisher":{"@id":"https:\/\/the-bulls-eye.com\/#organization"},"potentialAction":[{"@type":"SearchAction","target":{"@type":"EntryPoint","urlTemplate":"https:\/\/the-bulls-eye.com\/?s={search_term_string}"},"query-input":{"@type":"PropertyValueSpecification","valueRequired":true,"valueName":"search_term_string"}}],"inLanguage":"de"},{"@type":"Organization","@id":"https:\/\/the-bulls-eye.com\/#organization","name":"The Bull's Eye","url":"https:\/\/the-bulls-eye.com\/","logo":{"@type":"ImageObject","inLanguage":"de","@id":"https:\/\/the-bulls-eye.com\/#\/schema\/logo\/image\/","url":"","contentUrl":"","caption":"The Bull's Eye"},"image":{"@id":"https:\/\/the-bulls-eye.com\/#\/schema\/logo\/image\/"}}]}},"_links":{"self":[{"href":"https:\/\/the-bulls-eye.com\/index.php?rest_route=\/wp\/v2\/pages\/240","targetHints":{"allow":["GET"]}}],"collection":[{"href":"https:\/\/the-bulls-eye.com\/index.php?rest_route=\/wp\/v2\/pages"}],"about":[{"href":"https:\/\/the-bulls-eye.com\/index.php?rest_route=\/wp\/v2\/types\/page"}],"author":[{"embeddable":true,"href":"https:\/\/the-bulls-eye.com\/index.php?rest_route=\/wp\/v2\/users\/1"}],"replies":[{"embeddable":true,"href":"https:\/\/the-bulls-eye.com\/index.php?rest_route=%2Fwp%2Fv2%2Fcomments&post=240"}],"version-history":[{"count":30,"href":"https:\/\/the-bulls-eye.com\/index.php?rest_route=\/wp\/v2\/pages\/240\/revisions"}],"predecessor-version":[{"id":848,"href":"https:\/\/the-bulls-eye.com\/index.php?rest_route=\/wp\/v2\/pages\/240\/revisions\/848"}],"wp:featuredmedia":[{"embeddable":true,"href":"https:\/\/the-bulls-eye.com\/index.php?rest_route=\/wp\/v2\/media\/515"}],"wp:attachment":[{"href":"https:\/\/the-bulls-eye.com\/index.php?rest_route=%2Fwp%2Fv2%2Fmedia&parent=240"}],"curies":[{"name":"wp","href":"https:\/\/api.w.org\/{rel}","templated":true}]}}